{"id":5892,"date":"2018-02-01T18:17:28","date_gmt":"2018-02-01T17:17:28","guid":{"rendered":"https:\/\/www.villabubi.com\/price-list\/"},"modified":"2023-01-05T20:35:31","modified_gmt":"2023-01-05T19:35:31","slug":"preise","status":"publish","type":"page","link":"https:\/\/www.villabubi.com\/de\/preise\/","title":{"rendered":"Preise"},"content":{"rendered":"<p>[vc_row][vc_column width=&#8221;1\/3&#8243;]<div class=\"ult_pricing_table_wrap ult_design_2  ult-cs-custom  \">\r\n\t\t\t\t\t<div class=\"ult_pricing_table ult_price_table_ht \" style=\"background:#d4d4d4;color:#545454;min-height:550px;\"><div id=\"price-table-wrap-4648\" class=\"ult_pricing_heading\" style=\"background:#e28807;\">\r\n\t\t\t\t\t\t\t<h3  data-ultimate-target='#price-table-wrap-4648 .cust-headformat'  data-responsive-json-new='{\"font-size\":\"desktop:25px;\",\"line-height\":\"\"}'  class=\"price-heading ult-responsive cust-headformat\" style=\"font-weight:normal;\">Pre Season<\/h3><h5  data-ultimate-target='#price-table-wrap-4648 .cust-subhead'  data-responsive-json-new='{\"font-size\":\"desktop:20px;\",\"line-height\":\"\"}'  class=\"price-subheading ult-responsive cust-subhead\" style=\"font-weight:normal;\">Jan - June<\/h5><\/div><!--ult_pricing_heading--><div class=\"ult_price_body_block\">\r\n\t\t\t\t\t\t\t<div class=\"ult_price_body\">\r\n\t\t\t\t\t\t\t\t<div id=\"price-table-wrap-6185\" class=\"ult_price\">\r\n\t\t\t\t\t\t\t\t\t<span  data-ultimate-target='#price-table-wrap-6185 .ult_price_figure'  data-responsive-json-new='{\"font-size\":\"desktop:22px;\",\"line-height\":\"\"}'  class=\"ult_price_figure ult-responsive\" style=\"font-weight:normal;\">Prices start at:<\/span>\r\n\t\t\t\t\t\t\t\t\t<span  data-ultimate-target='#price-table-wrap-6185 .ult_price_term'  data-responsive-json-new='{\"font-size\":\"\",\"line-height\":\"\"}'  class=\"ult_price_term ult-responsive\" style=\"font-weight:normal;\"><\/span>\r\n\t\t\t\t\t\t\t\t<\/div>\r\n\t\t\t\t\t\t\t<\/div>\r\n\t\t\t\t\t\t<\/div><!--ult_price_body_block--><div id=\"price-table-features-wrap-6481\" class=\"ult_price_features ult-responsive\"  data-ultimate-target='#price-table-features-wrap-6481'  data-responsive-json-new='{\"font-size\":\"desktop:14px;\",\"line-height\":\"\"}'  style=\"font-weight:normal;color:#545454;\">\r\n\t\t\t\t\t\t\t<p>Ferienwohnung A 2+1 &#8211; Preis individuell festgelegt &#8211; bitte per E-Mail<\/p>\n<p>Ferienwohnung B 2+2 &#8211; Preis individuell festgelegt &#8211; bitte per E-Mail<\/p>\n<p>Ferienwohnung C 2+1, 2+1, 2 &#8211; Preis individuell festgelegt &#8211; bitte per E-Mail<\/p>\n<p>Ferienwohnung B1 2+2 &#8211; Preis individuell festgelegt &#8211; bitte per E-Mail<\/p>\n<p>Ferienwohnung A1 2+1+1\u00a0 &#8211; Preis individuell festgelegt &#8211; bitte per E-Mail<\/p>\n<p>Ferienwohnung C1 2+1,\u00a0 2+1, \u00a02 &#8211; Preis individuell festgelegt &#8211; bitte per E-Mail<\/p>\n<p>Ferienwohnung D 2+2+1+1 ( 2+2) &#8211; Preis individuell festgelegt &#8211; bitte per E-Mail<\/p>\n\r\n\t\t\t\t\t\t<\/div><!--ult_price_features--><div class=\"ult_clr\"><\/div>\r\n\t\t\t<\/div><!--pricing_table-->\r\n\t\t<\/div><!--pricing_table_wrap-->[\/vc_column][vc_column width=&#8221;1\/3&#8243;]<div class=\"ult_pricing_table_wrap ult_design_2 ult_featured ult-cs-custom  \">\r\n\t\t\t\t\t<div class=\"ult_pricing_table ult_price_table_ht \" style=\"background:#d4d4d4;min-height:550px;\"><div id=\"price-table-wrap-3218\" class=\"ult_pricing_heading\" style=\"background:#72305f;\">\r\n\t\t\t\t\t\t\t<h3  data-ultimate-target='#price-table-wrap-3218 .cust-headformat'  data-responsive-json-new='{\"font-size\":\"desktop:25px;\",\"line-height\":\"\"}'  class=\"price-heading ult-responsive cust-headformat\" style=\"font-weight:normal;\">Main Season<\/h3><h5  data-ultimate-target='#price-table-wrap-3218 .cust-subhead'  data-responsive-json-new='{\"font-size\":\"desktop:20px;\",\"line-height\":\"\"}'  class=\"price-subheading ult-responsive cust-subhead\" style=\"font-weight:normal;\">July - August<\/h5><\/div><!--ult_pricing_heading--><div class=\"ult_price_body_block\">\r\n\t\t\t\t\t\t\t<div class=\"ult_price_body\">\r\n\t\t\t\t\t\t\t\t<div id=\"price-table-wrap-6419\" class=\"ult_price\">\r\n\t\t\t\t\t\t\t\t\t<span  data-ultimate-target='#price-table-wrap-6419 .ult_price_figure'  data-responsive-json-new='{\"font-size\":\"desktop:22px;\",\"line-height\":\"\"}'  class=\"ult_price_figure ult-responsive\" style=\"font-weight:normal;\">Prices start at:<\/span>\r\n\t\t\t\t\t\t\t\t\t<span  data-ultimate-target='#price-table-wrap-6419 .ult_price_term'  data-responsive-json-new='{\"font-size\":\"\",\"line-height\":\"\"}'  class=\"ult_price_term ult-responsive\" style=\"font-weight:normal;\"><\/span>\r\n\t\t\t\t\t\t\t\t<\/div>\r\n\t\t\t\t\t\t\t<\/div>\r\n\t\t\t\t\t\t<\/div><!--ult_price_body_block--><div id=\"price-table-features-wrap-1443\" class=\"ult_price_features ult-responsive\"  data-ultimate-target='#price-table-features-wrap-1443'  data-responsive-json-new='{\"font-size\":\"desktop:14px;\",\"line-height\":\"\"}'  style=\"font-weight:normal;color:#545454;\">\r\n\t\t\t\t\t\t\t<p>Ferienwohnung A 2+1 &#8211; Preis individuell festgelegt &#8211; bitte per E-Mail<\/p>\n<p>Ferienwohnung B 2+2 &#8211; Preis individuell festgelegt &#8211; bitte per E-Mail<\/p>\n<p>Ferienwohnung C 2+1, 2+1, 2 &#8211; Preis individuell festgelegt &#8211; bitte per E-Mail<\/p>\n<p>Ferienwohnung B1 2+2 &#8211; Preis individuell festgelegt &#8211; bitte per E-Mail<\/p>\n<p>Ferienwohnung A1 2+1+1\u00a0 &#8211; Preis individuell festgelegt &#8211; bitte per E-Mail<\/p>\n<p>Ferienwohnung C1 2+1,\u00a0 2+1, \u00a02 &#8211; Preis individuell festgelegt &#8211; bitte per E-Mail<\/p>\n<p>Ferienwohnung D 2+2+1+1 ( 2+2) &#8211; Preis individuell festgelegt &#8211; bitte per E-Mail<\/p>\n\r\n\t\t\t\t\t\t<\/div><!--ult_price_features--><div class=\"ult_clr\"><\/div>\r\n\t\t\t<\/div><!--pricing_table-->\r\n\t\t<\/div><!--pricing_table_wrap-->[\/vc_column][vc_column width=&#8221;1\/3&#8243;]<div class=\"ult_pricing_table_wrap ult_design_2  ult-cs-custom  \">\r\n\t\t\t\t\t<div class=\"ult_pricing_table ult_price_table_ht \" style=\"background:#d4d4d4;color:#545454;min-height:550px;\"><div id=\"price-table-wrap-3431\" class=\"ult_pricing_heading\" style=\"background:#e28807;\">\r\n\t\t\t\t\t\t\t<h3  data-ultimate-target='#price-table-wrap-3431 .cust-headformat'  data-responsive-json-new='{\"font-size\":\"desktop:25px;\",\"line-height\":\"\"}'  class=\"price-heading ult-responsive cust-headformat\" style=\"font-weight:normal;\">Post Season<\/h3><h5  data-ultimate-target='#price-table-wrap-3431 .cust-subhead'  data-responsive-json-new='{\"font-size\":\"desktop:20px;\",\"line-height\":\"\"}'  class=\"price-subheading ult-responsive cust-subhead\" style=\"font-weight:normal;\">Sep - Dec<\/h5><\/div><!--ult_pricing_heading--><div class=\"ult_price_body_block\">\r\n\t\t\t\t\t\t\t<div class=\"ult_price_body\">\r\n\t\t\t\t\t\t\t\t<div id=\"price-table-wrap-7271\" class=\"ult_price\">\r\n\t\t\t\t\t\t\t\t\t<span  data-ultimate-target='#price-table-wrap-7271 .ult_price_figure'  data-responsive-json-new='{\"font-size\":\"desktop:22px;\",\"line-height\":\"\"}'  class=\"ult_price_figure ult-responsive\" style=\"font-weight:normal;\">Prices start at:<\/span>\r\n\t\t\t\t\t\t\t\t\t<span  data-ultimate-target='#price-table-wrap-7271 .ult_price_term'  data-responsive-json-new='{\"font-size\":\"\",\"line-height\":\"\"}'  class=\"ult_price_term ult-responsive\" style=\"font-weight:normal;\"><\/span>\r\n\t\t\t\t\t\t\t\t<\/div>\r\n\t\t\t\t\t\t\t<\/div>\r\n\t\t\t\t\t\t<\/div><!--ult_price_body_block--><div id=\"price-table-features-wrap-6960\" class=\"ult_price_features ult-responsive\"  data-ultimate-target='#price-table-features-wrap-6960'  data-responsive-json-new='{\"font-size\":\"desktop:14px;\",\"line-height\":\"\"}'  style=\"font-weight:normal;color:#545454;\">\r\n\t\t\t\t\t\t\t<p>Ferienwohnung A 2+1 &#8211; Preis individuell festgelegt &#8211; bitte per E-Mail<\/p>\n<p>Ferienwohnung B 2+2 &#8211; Preis individuell festgelegt &#8211; bitte per E-Mail<\/p>\n<p>Ferienwohnung C 2+1, 2+1, 2 &#8211; Preis individuell festgelegt &#8211; bitte per E-Mail<\/p>\n<p>Ferienwohnung B1 2+2 &#8211; Preis individuell festgelegt &#8211; bitte per E-Mail<\/p>\n<p>Ferienwohnung A1 2+1+1\u00a0 &#8211; Preis individuell festgelegt &#8211; bitte per E-Mail<\/p>\n<p>Ferienwohnung C1 2+1,\u00a0 2+1, \u00a02 &#8211; Preis individuell festgelegt &#8211; bitte per E-Mail<\/p>\n<p>Ferienwohnung D 2+2+1+1 ( 2+2) &#8211; Preis individuell festgelegt &#8211; bitte per E-Mail<\/p>\n\r\n\t\t\t\t\t\t<\/div><!--ult_price_features--><div class=\"ult_clr\"><\/div>\r\n\t\t\t<\/div><!--pricing_table-->\r\n\t\t<\/div><!--pricing_table_wrap-->[\/vc_column][\/vc_row][vc_row css=&#8221;.vc_custom_1518625787398{margin-bottom: 30px !important;}&#8221;][vc_column][vc_column_text]<strong>Obligatorische Kaution von 100 Euro. Die Kaution wird in Abwesenheit von Besch\u00e4digung und Zerst\u00f6rung zur\u00fcckerstattet.<\/strong><\/p>\n<p>&nbsp;<\/p>\n<p><strong>Wenn keine Sch\u00e4den vorliegen, wird die Kaution bei der R\u00fcckgabe an den Gast zur\u00fcckerstattet<\/strong>.<\/p>\n<p>&nbsp;<\/p>\n<p><strong>Im Preis der Wohnung:<\/strong><\/p>\n<ul>\n<li>Kurtaxe (10 kn \/ Tag pro Person, Kinder von 12-18 Jahren 5 kn)<\/li>\n<li>Registrierung des Aufenthalts (einmalig 40 kn \/ pro Person)<\/li>\n<li>\u00a0 Klima (App A, B, A1 und B1 5 \u20ac \/ Tag), App C, C1 und D (4 Klima = 20 \u20ac \/ Tag)<\/li>\n<li>\u00a0 Wi-Fi<\/li>\n<li>\u00a0Zentralheizung<\/li>\n<li>Endreinigung (20 \u20ac App. A, A1, B und B1), 40 \u20ac App. C, C1 und D)<\/li>\n<li>video\u00fcberwachtes\u00a0Parken(10\/Auto).<\/li>\n<\/ul>\n<p><strong>Zuschl\u00e4ge: 1-3 N\u00e4chte + 25% auf den Preis.<\/strong><\/p>\n<p><strong>Zusatzleistungen:<\/strong><\/p>\n<ul>\n<li>\u00a0Babybett: 5 \u20ac \/ Tag<\/li>\n<li>\u00a0Waschmaschine: 10 \u20ac \/ W\u00e4sche<\/li>\n<\/ul>\n<p><strong>Reservierung<\/strong><\/p>\n<p>Eine Reservierung gilt erst nach Erhalt einer Anzahlung von 20% als endg\u00fcltig best\u00e4tigt!<\/p>\n<p><strong>Ankunft von 14:00 bis 22:00 \u00a0Uhr<\/strong><\/p>\n<p><strong>ABFAHRT\u00a0\u00a0\u00a0\u00a0\u00a0\u00a0 \u00a007:00 &#8211; 10:00\u00a0\u00a0\u00a0 Uhr<\/strong>[\/vc_column_text][\/vc_column][\/vc_row][vc_row css=&#8221;.vc_custom_1518625757229{margin-bottom: 25px !important;}&#8221;][vc_column]\r\n\t<div class=\"thim-sc-heading  \" >\r\n\t\t<div class=\"article_heading \">\r\n\t\t\t<p class=\"heading_primary\"  >Entfernungen<\/p>\r\n\t\t\t\r\n\t\t\t \r\n\t\t\t\r\n\t\t<\/div>\r\n\t<\/div>[\/vc_column][\/vc_row][vc_row][vc_column width=&#8221;1\/3&#8243;][vc_column_text]<strong>Entfernungen<\/strong><\/p>\n<p>-Strand: 400 m<br \/>\n-Tauchclub: 500m<br \/>\n-Sportplatz: 500m<br \/>\n-Tenisplatz: 800 m i 1000 m<br \/>\n-Restaurant: 50 m, 400 m i 800 m<br \/>\n-Golf \/9 L\u00f6cher\/, Brijuni : 3 km<br \/>\n-Supermarkt: 400 m<br \/>\n-M\u00e4rkte: Spar 7km, Interspar 7 km, Lidl 3,5km, Konzum 4,5km, Plodine 4,5 km, Kaufland 4,5 km[\/vc_column_text][\/vc_column][vc_column width=&#8221;1\/3&#8243;][vc_column_text]<strong>Zentrum:<\/strong><br \/>\n&#8211; \u0160tinjan 500m,<br \/>\n&#8211; Fa\u017eana 2,5km,<br \/>\n&#8211; Pula 3,5km<br \/>\n&#8211; Atzt : Fa\u017eana, Pula<br \/>\n&#8211; BUS : 100m<br \/>\n&#8211; Busbahnhofr: 3,5km<br \/>\n&#8211; Hafen: 3,5km<br \/>\n&#8211; Bahnhof 3,5km<br \/>\n&#8211; Flughafen von<a href=\"http:\/\/villa.introspectus-doo.hr\/istrien.htm\"> Istrien<\/a>:14,5km[\/vc_column_text][\/vc_column][vc_column width=&#8221;1\/3&#8243;][vc_column_text]<strong>Ausfl\u00fcge:<br \/>\n<\/strong>&#8211; Venedig : 3,5 h\/ Boot,<br \/>\n&#8211; Trieste : 1,5 h Bus,<br \/>\n&#8211; Plitvice : 3,5h Bus,<br \/>\n&#8211; Rovinj, Pore\u010d: 0,5-1h , Bus,Boot<br \/>\n&#8211; Postojna : 2 h Bus, Auto,<br \/>\n&#8211; Brijuni : 20 min. Boot,<br \/>\n&#8211; Brijuni Inseln, Limski kanal, 2 h[\/vc_column_text][\/vc_column][\/vc_row]<\/p>\n","protected":false},"excerpt":{"rendered":"<p>[vc_row][vc_column width=&#8221;1\/3&#8243;][\/vc_column][vc_column width=&#8221;1\/3&#8243;][\/vc_column][vc_column width=&#8221;1\/3&#8243;][\/vc_column][\/vc_row][vc_row css=&#8221;.vc_custom_1518625787398{margin-bottom: 30px !important;}&#8221;][vc_column][vc_column_text]Obligatorische Kaution von 100 Euro. Die Kaution wird in Abwesenheit von Besch\u00e4digung und Zerst\u00f6rung zur\u00fcckerstattet. &nbsp; Wenn keine Sch\u00e4den vorliegen, wird die Kaution bei der R\u00fcckgabe an den Gast zur\u00fcckerstattet. &nbsp; Im Preis der Wohnung: Kurtaxe (10 kn \/ Tag pro Person, Kinder von&#8230;<\/p>\n","protected":false},"author":1,"featured_media":0,"parent":0,"menu_order":0,"comment_status":"closed","ping_status":"closed","template":"","meta":[],"yst_prominent_words":[167],"yoast_head":"<!-- This site is optimized with the Yoast SEO Premium plugin v14.5 - https:\/\/yoast.com\/wordpress\/plugins\/seo\/ -->\n<title>Preise - Apartments Villa Bubi<\/title>\n<meta name=\"robots\" content=\"index, follow\" \/>\n<meta name=\"googlebot\" content=\"index, follow, max-snippet:-1, max-image-preview:large, max-video-preview:-1\" \/>\n<meta name=\"bingbot\" content=\"index, follow, max-snippet:-1, max-image-preview:large, max-video-preview:-1\" \/>\n<link rel=\"canonical\" href=\"https:\/\/www.villabubi.com\/de\/preise\/\" \/>\n<meta property=\"og:locale\" content=\"de_DE\" \/>\n<meta property=\"og:type\" content=\"article\" \/>\n<meta property=\"og:title\" content=\"Preise - Apartments Villa Bubi\" \/>\n<meta property=\"og:description\" content=\"[vc_row][vc_column width=&#8221;1\/3&#8243;][\/vc_column][vc_column width=&#8221;1\/3&#8243;][\/vc_column][vc_column width=&#8221;1\/3&#8243;][\/vc_column][\/vc_row][vc_row css=&#8221;.vc_custom_1518625787398{margin-bottom: 30px !important;}&#8221;][vc_column][vc_column_text]Obligatorische Kaution von 100 Euro. Die Kaution wird in Abwesenheit von Besch\u00e4digung und Zerst\u00f6rung zur\u00fcckerstattet. &nbsp; Wenn keine Sch\u00e4den vorliegen, wird die Kaution bei der R\u00fcckgabe an den Gast zur\u00fcckerstattet. &nbsp; Im Preis der Wohnung: Kurtaxe (10 kn \/ Tag pro Person, Kinder von...\" \/>\n<meta property=\"og:url\" content=\"https:\/\/www.villabubi.com\/de\/preise\/\" \/>\n<meta property=\"og:site_name\" content=\"Apartments Villa Bubi\" \/>\n<meta property=\"article:publisher\" content=\"https:\/\/www.facebook.com\/VillaBubi1\/\" \/>\n<meta property=\"article:modified_time\" content=\"2023-01-05T19:35:31+00:00\" \/>\n<meta property=\"og:image\" content=\"https:\/\/www.villabubi.com\/wp-content\/uploads\/2018\/04\/istria.jpg\" \/>\n\t<meta property=\"og:image:width\" content=\"1024\" \/>\n\t<meta property=\"og:image:height\" content=\"702\" \/>\n<meta property=\"fb:app_id\" content=\"205233713586846\" \/>\n<meta name=\"twitter:card\" content=\"summary_large_image\" \/>\n<script type=\"application\/ld+json\" class=\"yoast-schema-graph\">{\"@context\":\"https:\/\/schema.org\",\"@graph\":[{\"@type\":\"WebSite\",\"@id\":\"https:\/\/www.villabubi.com\/de\/#website\",\"url\":\"https:\/\/www.villabubi.com\/de\/\",\"name\":\"Apartments Villa Bubi\",\"description\":\"Vacation apartment booking in Pula Istria\",\"potentialAction\":[{\"@type\":\"SearchAction\",\"target\":\"https:\/\/www.villabubi.com\/de\/?s={search_term_string}\",\"query-input\":\"required name=search_term_string\"}],\"inLanguage\":\"de-DE\"},{\"@type\":\"WebPage\",\"@id\":\"https:\/\/www.villabubi.com\/de\/preise\/#webpage\",\"url\":\"https:\/\/www.villabubi.com\/de\/preise\/\",\"name\":\"Preise - Apartments Villa Bubi\",\"isPartOf\":{\"@id\":\"https:\/\/www.villabubi.com\/de\/#website\"},\"datePublished\":\"2018-02-01T17:17:28+00:00\",\"dateModified\":\"2023-01-05T19:35:31+00:00\",\"inLanguage\":\"de-DE\",\"potentialAction\":[{\"@type\":\"ReadAction\",\"target\":[\"https:\/\/www.villabubi.com\/de\/preise\/\"]}]}]}<\/script>\n<!-- \/ Yoast SEO Premium plugin. -->","_links":{"self":[{"href":"https:\/\/www.villabubi.com\/de\/wp-json\/wp\/v2\/pages\/5892"}],"collection":[{"href":"https:\/\/www.villabubi.com\/de\/wp-json\/wp\/v2\/pages"}],"about":[{"href":"https:\/\/www.villabubi.com\/de\/wp-json\/wp\/v2\/types\/page"}],"author":[{"embeddable":true,"href":"https:\/\/www.villabubi.com\/de\/wp-json\/wp\/v2\/users\/1"}],"replies":[{"embeddable":true,"href":"https:\/\/www.villabubi.com\/de\/wp-json\/wp\/v2\/comments?post=5892"}],"version-history":[{"count":4,"href":"https:\/\/www.villabubi.com\/de\/wp-json\/wp\/v2\/pages\/5892\/revisions"}],"predecessor-version":[{"id":7624,"href":"https:\/\/www.villabubi.com\/de\/wp-json\/wp\/v2\/pages\/5892\/revisions\/7624"}],"wp:attachment":[{"href":"https:\/\/www.villabubi.com\/de\/wp-json\/wp\/v2\/media?parent=5892"}],"wp:term":[{"taxonomy":"yst_prominent_words","embeddable":true,"href":"https:\/\/www.villabubi.com\/de\/wp-json\/wp\/v2\/yst_prominent_words?post=5892"}],"curies":[{"name":"wp","href":"https:\/\/api.w.org\/{rel}","templated":true}]}}