{"id":5885,"date":"2018-02-14T17:39:26","date_gmt":"2018-02-14T16:39:26","guid":{"rendered":"https:\/\/www.villabubi.com\/guest-reviews\/"},"modified":"2018-03-17T04:30:02","modified_gmt":"2018-03-17T03:30:02","slug":"opinie-gosci","status":"publish","type":"page","link":"https:\/\/www.villabubi.com\/pl\/opinie-gosci\/","title":{"rendered":"Opinie go\u015bci"},"content":{"rendered":"<p>[vc_row el_class=&#8221;recenzije&#8221;][vc_column]<div class=\"thim-testimonials-wrap\">\r\n\r\n    <div class=\"thim-testimonials owl-carousel owl-theme\" data-auto=\"0\" data-animation=\"slideInLeft\" data-testimonials=\"10\">\r\n\t\t\r\n            <div class=\"testimonials-item\">\r\n                <div class=\"rating\"><\/div>\r\n                <p class=\"content\">Novo! Vacanza a Pola Appartamento ottimo accessibile per me in carrozzina con ottimo bagno Super accessoriato il signor Giorgio e sua moglie molto cordiali e disponibili Niente<\/p>\r\n                <div class=\"title\">Giansnow<\/div>\r\n\t\t\t\t            <\/div>\r\n\r\n\r\n\t\t\r\n            <div class=\"testimonials-item\">\r\n                <div class=\"rating\"><\/div>\r\n                <p class=\"content\">Immaculate accessibility, wonderful and welcoming owners, very much recommended. Stayed in studio style self catering accommodation, which met our needs perfectly. Access for Peter (as a wheelchair user) was first class. Grounds were very nicely kept. Nearby restaurant served great food as well. Owners were so lovely, we very much...<\/p>\r\n                <div class=\"title\">Claire<\/div>\r\n\t\t\t\t            <\/div>\r\n\r\n\r\n\t\t\r\n            <div class=\"testimonials-item\">\r\n                <div class=\"rating\"><\/div>\r\n                <p class=\"content\">It was a pleasant stay for me in Pula and Villa Bubi and I hope to come back again. I enjoyed just everything from the apartment to the food and the weather was perfect. Thank you for your kindness and also the warm welcome Too bad I couldn&#8217;t stay longer.<\/p>\r\n                <div class=\"title\">Markus Egli<\/div>\r\n\t\t\t\t            <\/div>\r\n\r\n\r\n\t\t\r\n            <div class=\"testimonials-item\">\r\n                <div class=\"rating\"><\/div>\r\n                <p class=\"content\">Gor\u0105co polecam to miejsce na wypoczynek. Mia\u0142em w lipcu tego roku przyjemno\u015b\u0107 go\u015bci\u0107 w tym apartamencie. W\u0142a\u015bciciele serdeczni, zawsze pomocni w razie potrzeby (ja mia\u0142em problem z autem &#8211; zaoferowali niezobowi\u0105zuj\u0105co swoj\u0105 pomoc). Apartamenty estetyczne, czyste, kuchnia wyposa\u017cona kompletnie we wszystkie niezb\u0119dne rzeczy, kt\u00f3re s\u0105 potrzebne do gotowania i spo\u017cywania...<\/p>\r\n                <div class=\"title\">Roman Kalemba<\/div>\r\n\t\t\t\t            <\/div>\r\n\r\n\r\n\t\t\r\n            <div class=\"testimonials-item\">\r\n                <div class=\"rating\"><\/div>\r\n                <p class=\"content\">Veramente gentile il Signor Giorgio!!!!casa pulita,posto &#8220;tattico&#8221; per visitare le meravigliose coste della Croazia,15 minuti da Pula,vicinissima Medulin,Rovijno a mezz&#8217;ora!!! Sicuramente il prossimo anno ci torneremo!!!<\/p>\r\n                <div class=\"title\">Silvia Morini<\/div>\r\n\t\t\t\t            <\/div>\r\n\r\n\r\n\t\t\r\n            <div class=\"testimonials-item\">\r\n                <div class=\"rating\"><\/div>\r\n                <p class=\"content\">thanks a lot george and bubi for this wonderful time in your appartments. definitely will be back next summer!!<\/p>\r\n                <div class=\"title\">Wolfgang Lepschi<\/div>\r\n\t\t\t\t            <\/div>\r\n\r\n\r\n\t\t\r\n            <div class=\"testimonials-item\">\r\n                <div class=\"rating\"><\/div>\r\n                <p class=\"content\">excellent places for spending holidays. wonderful very professional service. wonderful, very helpful and social hosts. very clean and friendly place!<\/p>\r\n                <div class=\"title\">Dominika Pietry\u0144czyk<\/div>\r\n\t\t\t\t                    <div class=\"regency\">Developer<\/div>\r\n\t\t\t\t\t            <\/div>\r\n\r\n\r\n\t\t\r\n            <div class=\"testimonials-item\">\r\n                <div class=\"rating\"><\/div>\r\n                <p class=\"content\">We loved villa Bubi so much that we have already booked to go back next year!! A lovely villa in a lovely location. 5 stars all round!<\/p>\r\n                <div class=\"title\">Dave Lion Pougher<\/div>\r\n\t\t\t\t                    <div class=\"regency\">CEO Founder<\/div>\r\n\t\t\t\t\t            <\/div>\r\n\r\n\r\n\t\t\r\n            <div class=\"testimonials-item\">\r\n                <div class=\"rating\"><\/div>\r\n                <p class=\"content\">Thank you Bubi and Giorgio. Great Location, lovely hosts, reasonable price. Will definitely be back again.<\/p>\r\n                <div class=\"title\">Alisha Bajaj<\/div>\r\n\t\t\t\t                    <div class=\"regency\">Leader<\/div>\r\n\t\t\t\t\t            <\/div>\r\n\r\n\r\n\t\t    <\/div>\r\n\r\n\r\n    <div class=\"thim-testimonial-custom-dots owl-carousel owl-theme\">\r\n\r\n\t\t            <div class=\"img-dot\">\r\n\t\t\t\t                    <img src=\"https:\/\/www.villabubi.com\/wp-content\/themes\/hotel-wp\/assets\/images\/testimonials-default.jpg\"\/>\r\n\t\t\t\t            <\/div>\r\n\t\t            <div class=\"img-dot\">\r\n\t\t\t\t                    <img src=\"https:\/\/www.villabubi.com\/wp-content\/themes\/hotel-wp\/assets\/images\/testimonials-default.jpg\"\/>\r\n\t\t\t\t            <\/div>\r\n\t\t            <div class=\"img-dot\">\r\n\t\t\t\t                    <img src=\"https:\/\/www.villabubi.com\/wp-content\/themes\/hotel-wp\/assets\/images\/testimonials-default.jpg\"\/>\r\n\t\t\t\t            <\/div>\r\n\t\t            <div class=\"img-dot\">\r\n\t\t\t\t                    <img src=\"https:\/\/www.villabubi.com\/wp-content\/themes\/hotel-wp\/assets\/images\/testimonials-default.jpg\"\/>\r\n\t\t\t\t            <\/div>\r\n\t\t            <div class=\"img-dot\">\r\n\t\t\t\t                    <img src=\"https:\/\/www.villabubi.com\/wp-content\/themes\/hotel-wp\/assets\/images\/testimonials-default.jpg\"\/>\r\n\t\t\t\t            <\/div>\r\n\t\t            <div class=\"img-dot\">\r\n\t\t\t\t                    <img src=\"https:\/\/www.villabubi.com\/wp-content\/themes\/hotel-wp\/assets\/images\/testimonials-default.jpg\"\/>\r\n\t\t\t\t            <\/div>\r\n\t\t            <div class=\"img-dot\">\r\n\t\t\t\t                    <img src=\"https:\/\/www.villabubi.com\/wp-content\/themes\/hotel-wp\/assets\/images\/testimonials-default.jpg\"\/>\r\n\t\t\t\t            <\/div>\r\n\t\t            <div class=\"img-dot\">\r\n\t\t\t\t                    <img src=\"https:\/\/www.villabubi.com\/wp-content\/themes\/hotel-wp\/assets\/images\/testimonials-default.jpg\"\/>\r\n\t\t\t\t            <\/div>\r\n\t\t            <div class=\"img-dot\">\r\n\t\t\t\t                    <img src=\"https:\/\/www.villabubi.com\/wp-content\/themes\/hotel-wp\/assets\/images\/testimonials-default.jpg\"\/>\r\n\t\t\t\t            <\/div>\r\n\t\t    <\/div>\r\n\r\n<\/div>\r\n[\/vc_column][\/vc_row]<\/p>\n","protected":false},"excerpt":{"rendered":"<p>[vc_row el_class=&#8221;recenzije&#8221;][vc_column][\/vc_column][\/vc_row]<\/p>\n","protected":false},"author":1,"featured_media":0,"parent":0,"menu_order":0,"comment_status":"closed","ping_status":"closed","template":"","meta":[],"yst_prominent_words":[],"yoast_head":"<!-- This site is optimized with the Yoast SEO Premium plugin v14.5 - https:\/\/yoast.com\/wordpress\/plugins\/seo\/ -->\n<title>Opinie go\u015bci - Apartments Villa Bubi<\/title>\n<meta name=\"robots\" content=\"index, follow\" \/>\n<meta name=\"googlebot\" content=\"index, follow, max-snippet:-1, max-image-preview:large, max-video-preview:-1\" \/>\n<meta name=\"bingbot\" content=\"index, follow, max-snippet:-1, max-image-preview:large, max-video-preview:-1\" \/>\n<link rel=\"canonical\" href=\"https:\/\/www.villabubi.com\/pl\/opinie-gosci\/\" \/>\n<meta property=\"og:locale\" content=\"pl_PL\" \/>\n<meta property=\"og:type\" content=\"article\" \/>\n<meta property=\"og:title\" content=\"Opinie go\u015bci - Apartments Villa Bubi\" \/>\n<meta property=\"og:description\" content=\"[vc_row el_class=&#8221;recenzije&#8221;][vc_column][\/vc_column][\/vc_row]\" \/>\n<meta property=\"og:url\" content=\"https:\/\/www.villabubi.com\/pl\/opinie-gosci\/\" \/>\n<meta property=\"og:site_name\" content=\"Apartments Villa Bubi\" \/>\n<meta property=\"article:publisher\" content=\"https:\/\/www.facebook.com\/VillaBubi1\/\" \/>\n<meta property=\"article:modified_time\" content=\"2018-03-17T03:30:02+00:00\" \/>\n<meta property=\"og:image\" content=\"https:\/\/www.villabubi.com\/wp-content\/uploads\/2018\/04\/istria.jpg\" \/>\n\t<meta property=\"og:image:width\" content=\"1024\" \/>\n\t<meta property=\"og:image:height\" content=\"702\" \/>\n<meta property=\"fb:app_id\" content=\"205233713586846\" \/>\n<meta name=\"twitter:card\" content=\"summary_large_image\" \/>\n<script type=\"application\/ld+json\" class=\"yoast-schema-graph\">{\"@context\":\"https:\/\/schema.org\",\"@graph\":[{\"@type\":\"WebSite\",\"@id\":\"https:\/\/www.villabubi.com\/pl\/#website\",\"url\":\"https:\/\/www.villabubi.com\/pl\/\",\"name\":\"Apartments Villa Bubi\",\"description\":\"Vacation short term rentals in Pula\",\"potentialAction\":[{\"@type\":\"SearchAction\",\"target\":\"https:\/\/www.villabubi.com\/pl\/?s={search_term_string}\",\"query-input\":\"required name=search_term_string\"}],\"inLanguage\":\"pl-PL\"},{\"@type\":\"WebPage\",\"@id\":\"https:\/\/www.villabubi.com\/pl\/opinie-gosci\/#webpage\",\"url\":\"https:\/\/www.villabubi.com\/pl\/opinie-gosci\/\",\"name\":\"Opinie go\\u015bci - Apartments Villa Bubi\",\"isPartOf\":{\"@id\":\"https:\/\/www.villabubi.com\/pl\/#website\"},\"datePublished\":\"2018-02-14T16:39:26+00:00\",\"dateModified\":\"2018-03-17T03:30:02+00:00\",\"inLanguage\":\"pl-PL\",\"potentialAction\":[{\"@type\":\"ReadAction\",\"target\":[\"https:\/\/www.villabubi.com\/pl\/opinie-gosci\/\"]}]}]}<\/script>\n<!-- \/ Yoast SEO Premium plugin. -->","_links":{"self":[{"href":"https:\/\/www.villabubi.com\/pl\/wp-json\/wp\/v2\/pages\/5885"}],"collection":[{"href":"https:\/\/www.villabubi.com\/pl\/wp-json\/wp\/v2\/pages"}],"about":[{"href":"https:\/\/www.villabubi.com\/pl\/wp-json\/wp\/v2\/types\/page"}],"author":[{"embeddable":true,"href":"https:\/\/www.villabubi.com\/pl\/wp-json\/wp\/v2\/users\/1"}],"replies":[{"embeddable":true,"href":"https:\/\/www.villabubi.com\/pl\/wp-json\/wp\/v2\/comments?post=5885"}],"version-history":[{"count":0,"href":"https:\/\/www.villabubi.com\/pl\/wp-json\/wp\/v2\/pages\/5885\/revisions"}],"wp:attachment":[{"href":"https:\/\/www.villabubi.com\/pl\/wp-json\/wp\/v2\/media?parent=5885"}],"wp:term":[{"taxonomy":"yst_prominent_words","embeddable":true,"href":"https:\/\/www.villabubi.com\/pl\/wp-json\/wp\/v2\/yst_prominent_words?post=5885"}],"curies":[{"name":"wp","href":"https:\/\/api.w.org\/{rel}","templated":true}]}}