{"id":5895,"date":"2018-02-01T18:17:28","date_gmt":"2018-02-01T17:17:28","guid":{"rendered":"https:\/\/www.villabubi.com\/price-list\/"},"modified":"2023-01-05T20:23:32","modified_gmt":"2023-01-05T19:23:32","slug":"cennik","status":"publish","type":"page","link":"https:\/\/www.villabubi.com\/pl\/cennik\/","title":{"rendered":"Cennik"},"content":{"rendered":"<p>[vc_row][vc_column width=&#8221;1\/3&#8243;]<div class=\"ult_pricing_table_wrap ult_design_2  ult-cs-custom  \">\r\n\t\t\t\t\t<div class=\"ult_pricing_table ult_price_table_ht \" style=\"background:#d4d4d4;color:#545454;min-height:550px;\"><div id=\"price-table-wrap-9642\" class=\"ult_pricing_heading\" style=\"background:#e28807;\">\r\n\t\t\t\t\t\t\t<h3  data-ultimate-target='#price-table-wrap-9642 .cust-headformat'  data-responsive-json-new='{\"font-size\":\"desktop:25px;\",\"line-height\":\"\"}'  class=\"price-heading ult-responsive cust-headformat\" style=\"font-weight:normal;\">Pre Season<\/h3><h5  data-ultimate-target='#price-table-wrap-9642 .cust-subhead'  data-responsive-json-new='{\"font-size\":\"desktop:20px;\",\"line-height\":\"\"}'  class=\"price-subheading ult-responsive cust-subhead\" style=\"font-weight:normal;\">Jan - June<\/h5><\/div><!--ult_pricing_heading--><div class=\"ult_price_body_block\">\r\n\t\t\t\t\t\t\t<div class=\"ult_price_body\">\r\n\t\t\t\t\t\t\t\t<div id=\"price-table-wrap-4844\" class=\"ult_price\">\r\n\t\t\t\t\t\t\t\t\t<span  data-ultimate-target='#price-table-wrap-4844 .ult_price_figure'  data-responsive-json-new='{\"font-size\":\"desktop:22px;\",\"line-height\":\"\"}'  class=\"ult_price_figure ult-responsive\" style=\"font-weight:normal;\">Prices start at:<\/span>\r\n\t\t\t\t\t\t\t\t\t<span  data-ultimate-target='#price-table-wrap-4844 .ult_price_term'  data-responsive-json-new='{\"font-size\":\"\",\"line-height\":\"\"}'  class=\"ult_price_term ult-responsive\" style=\"font-weight:normal;\"><\/span>\r\n\t\t\t\t\t\t\t\t<\/div>\r\n\t\t\t\t\t\t\t<\/div>\r\n\t\t\t\t\t\t<\/div><!--ult_price_body_block--><div id=\"price-table-features-wrap-6939\" class=\"ult_price_features ult-responsive\"  data-ultimate-target='#price-table-features-wrap-6939'  data-responsive-json-new='{\"font-size\":\"desktop:14px;\",\"line-height\":\"\"}'  style=\"font-weight:normal;color:#545454;\">\r\n\t\t\t\t\t\t\t<p style=\"text-align: center;\">Apartment A 2+1 &#8211; cena ustalana indywidualnie<br \/>\n&#8211; prosz\u0119 o email<\/p>\n<p style=\"text-align: center;\">Apartment B 2+2 &#8211; cena ustalana indywidualnie<br \/>\n&#8211; prosz\u0119 o email<\/p>\n<p style=\"text-align: center;\">Apartment C 2+1, 2+1, 2 &#8211; cena ustalana indywidualnie<br \/>\n&#8211; prosz\u0119 o email<\/p>\n<p style=\"text-align: center;\">Apartment B1 2+2 &#8211; cena ustalana indywidualnie<br \/>\n&#8211; prosz\u0119 o email<\/p>\n<p style=\"text-align: center;\">Apartment A1 2+1+1 &#8211; cena ustalana indywidualnie<br \/>\n&#8211; prosz\u0119 o email<\/p>\n<p style=\"text-align: center;\">Apartment C1 2+1,\u00a0 2+1, \u00a02 &#8211; cena ustalana indywidualnie<br \/>\n&#8211; prosz\u0119 o email<\/p>\n<p style=\"text-align: center;\">Apartment \u00a0D 2+2+1+1 ( 2+2)- cena ustalana indywidualnie<br \/>\n&#8211; prosz\u0119 o email<\/p>\n\r\n\t\t\t\t\t\t<\/div><!--ult_price_features--><div class=\"ult_clr\"><\/div>\r\n\t\t\t<\/div><!--pricing_table-->\r\n\t\t<\/div><!--pricing_table_wrap-->[\/vc_column][vc_column width=&#8221;1\/3&#8243;]<div class=\"ult_pricing_table_wrap ult_design_2 ult_featured ult-cs-custom  \">\r\n\t\t\t\t\t<div class=\"ult_pricing_table ult_price_table_ht \" style=\"background:#d4d4d4;min-height:550px;\"><div id=\"price-table-wrap-8149\" class=\"ult_pricing_heading\" style=\"background:#72305f;\">\r\n\t\t\t\t\t\t\t<h3  data-ultimate-target='#price-table-wrap-8149 .cust-headformat'  data-responsive-json-new='{\"font-size\":\"desktop:25px;\",\"line-height\":\"\"}'  class=\"price-heading ult-responsive cust-headformat\" style=\"font-weight:normal;\">Main Season<\/h3><h5  data-ultimate-target='#price-table-wrap-8149 .cust-subhead'  data-responsive-json-new='{\"font-size\":\"desktop:20px;\",\"line-height\":\"\"}'  class=\"price-subheading ult-responsive cust-subhead\" style=\"font-weight:normal;\">July - August<\/h5><\/div><!--ult_pricing_heading--><div class=\"ult_price_body_block\">\r\n\t\t\t\t\t\t\t<div class=\"ult_price_body\">\r\n\t\t\t\t\t\t\t\t<div id=\"price-table-wrap-7452\" class=\"ult_price\">\r\n\t\t\t\t\t\t\t\t\t<span  data-ultimate-target='#price-table-wrap-7452 .ult_price_figure'  data-responsive-json-new='{\"font-size\":\"desktop:22px;\",\"line-height\":\"\"}'  class=\"ult_price_figure ult-responsive\" style=\"font-weight:normal;\">Prices start at:<\/span>\r\n\t\t\t\t\t\t\t\t\t<span  data-ultimate-target='#price-table-wrap-7452 .ult_price_term'  data-responsive-json-new='{\"font-size\":\"\",\"line-height\":\"\"}'  class=\"ult_price_term ult-responsive\" style=\"font-weight:normal;\"><\/span>\r\n\t\t\t\t\t\t\t\t<\/div>\r\n\t\t\t\t\t\t\t<\/div>\r\n\t\t\t\t\t\t<\/div><!--ult_price_body_block--><div id=\"price-table-features-wrap-8545\" class=\"ult_price_features ult-responsive\"  data-ultimate-target='#price-table-features-wrap-8545'  data-responsive-json-new='{\"font-size\":\"desktop:14px;\",\"line-height\":\"\"}'  style=\"font-weight:normal;color:#545454;\">\r\n\t\t\t\t\t\t\t<p>Apartment A 2+1 &#8211; cena ustalana indywidualnie &#8211; prosz\u0119 o email<\/p>\n<p>Apartment B 2+2 &#8211; cena ustalana indywidualnie &#8211; prosz\u0119 o email<\/p>\n<p>Apartment C 2+1, 2+1, 2 &#8211; cena ustalana indywidualnie &#8211; prosz\u0119 o email<\/p>\n<p>Apartment B1 2+2 &#8211; cena ustalana indywidualnie &#8211; prosz\u0119 o email<\/p>\n<p>Apartment A1 2+1+1\u00a0 &#8211; cena ustalana indywidualnie &#8211; prosz\u0119 o email<\/p>\n<p>Apartment C1 2+1,\u00a0 2+1, \u00a02 &#8211; cena ustalana indywidualnie &#8211; prosz\u0119 o email<\/p>\n<p>Apartment \u00a0D 2+2+1+1 ( 2+2) &#8211; cena ustalana indywidualnie &#8211; prosz\u0119 o email<\/p>\n\r\n\t\t\t\t\t\t<\/div><!--ult_price_features--><div class=\"ult_clr\"><\/div>\r\n\t\t\t<\/div><!--pricing_table-->\r\n\t\t<\/div><!--pricing_table_wrap-->[\/vc_column][vc_column width=&#8221;1\/3&#8243;]<div class=\"ult_pricing_table_wrap ult_design_2  ult-cs-custom  \">\r\n\t\t\t\t\t<div class=\"ult_pricing_table ult_price_table_ht \" style=\"background:#d4d4d4;color:#545454;min-height:550px;\"><div id=\"price-table-wrap-1698\" class=\"ult_pricing_heading\" style=\"background:#e28807;\">\r\n\t\t\t\t\t\t\t<h3  data-ultimate-target='#price-table-wrap-1698 .cust-headformat'  data-responsive-json-new='{\"font-size\":\"desktop:25px;\",\"line-height\":\"\"}'  class=\"price-heading ult-responsive cust-headformat\" style=\"font-weight:normal;\">Post Season<\/h3><h5  data-ultimate-target='#price-table-wrap-1698 .cust-subhead'  data-responsive-json-new='{\"font-size\":\"desktop:20px;\",\"line-height\":\"\"}'  class=\"price-subheading ult-responsive cust-subhead\" style=\"font-weight:normal;\">Sep - Dec<\/h5><\/div><!--ult_pricing_heading--><div class=\"ult_price_body_block\">\r\n\t\t\t\t\t\t\t<div class=\"ult_price_body\">\r\n\t\t\t\t\t\t\t\t<div id=\"price-table-wrap-3367\" class=\"ult_price\">\r\n\t\t\t\t\t\t\t\t\t<span  data-ultimate-target='#price-table-wrap-3367 .ult_price_figure'  data-responsive-json-new='{\"font-size\":\"desktop:22px;\",\"line-height\":\"\"}'  class=\"ult_price_figure ult-responsive\" style=\"font-weight:normal;\">Prices start at:<\/span>\r\n\t\t\t\t\t\t\t\t\t<span  data-ultimate-target='#price-table-wrap-3367 .ult_price_term'  data-responsive-json-new='{\"font-size\":\"\",\"line-height\":\"\"}'  class=\"ult_price_term ult-responsive\" style=\"font-weight:normal;\"><\/span>\r\n\t\t\t\t\t\t\t\t<\/div>\r\n\t\t\t\t\t\t\t<\/div>\r\n\t\t\t\t\t\t<\/div><!--ult_price_body_block--><div id=\"price-table-features-wrap-1973\" class=\"ult_price_features ult-responsive\"  data-ultimate-target='#price-table-features-wrap-1973'  data-responsive-json-new='{\"font-size\":\"desktop:14px;\",\"line-height\":\"\"}'  style=\"font-weight:normal;color:#545454;\">\r\n\t\t\t\t\t\t\t<p>Apartment A 2+1 &#8211; cena ustalana indywidualnie &#8211; prosz\u0119 o email<\/p>\n<p>Apartment B 2+2 &#8211; cena ustalana indywidualnie &#8211; prosz\u0119 o email<\/p>\n<p>Apartment C 2+1, 2+1, 2 &#8211; cena ustalana indywidualnie &#8211; prosz\u0119 o email<\/p>\n<p>Apartment B1 2+2 &#8211; cena ustalana indywidualnie &#8211; prosz\u0119 o email<\/p>\n<p>Apartment A1 2+1+1\u00a0 &#8211; cena ustalana indywidualnie &#8211; prosz\u0119 o email<\/p>\n<p>Apartment C1 2+1,\u00a0 2+1, \u00a02 &#8211; cena ustalana indywidualnie &#8211; prosz\u0119 o email<\/p>\n<p>Apartment \u00a0D 2+2+1+1 ( 2+2) &#8211; cena ustalana indywidualnie &#8211; prosz\u0119 o email<\/p>\n\r\n\t\t\t\t\t\t<\/div><!--ult_price_features--><div class=\"ult_clr\"><\/div>\r\n\t\t\t<\/div><!--pricing_table-->\r\n\t\t<\/div><!--pricing_table_wrap-->[\/vc_column][\/vc_row][vc_row css=&#8221;.vc_custom_1518625787398{margin-bottom: 30px !important;}&#8221;][vc_column][vc_column_text]<strong>Obowi\u0105zkowa kaucja<\/strong>\u00a0na poczet ewentulanych zniszcze\u0144 w wysoko\u015bci 100EUR. Kaucja zostaje zwr\u00f3cona w przypadku braku zniszcze\u0144 i uszkodze\u0144.<\/p>\n<p>&nbsp;<\/p>\n<p><strong>W cenie apartamentu:<\/strong><\/p>\n<ul>\n<li>op\u0142ata klimatyczna (10 kn \/ dzie\u0144 na osob\u0119, dzieci w wieku 12-18 lat 5 kn)<\/li>\n<li>klimatyzacja<\/li>\n<li>Wifi<\/li>\n<li>centralne ogrzewanie<\/li>\n<li>ko\u0144cowe sprz\u0105tanie (20 \u20ac A, A1, B i B1), 40 \u20ac ap. C, C1 i D)<\/li>\n<li>parking monitorowany niestrze\u017cony<\/li>\n<li>po\u015bciel (co 7 dni)<\/li>\n<li>r\u0119czniki (co 7 dni)<\/li>\n<li>apartament D: pralka w cenie zakwaterowania<\/li>\n<li>dzieci do lat 3 \u015bpi\u0105cy w \u0142\u00f3\u017cku z rodzicami &#8211; gratis.<\/li>\n<li><\/li>\n<\/ul>\n<p><strong>Przy pobytach do 3 dni cena wzrasta o 25%.<\/strong><\/p>\n<p><strong>P\u0142atne dodatkowo:<\/strong><\/p>\n<p>-\u0142\u00f3\u017ceczko dzieci\u0119ce 5EUR za dob\u0119<\/p>\n<p>-pranie 10EUR<\/p>\n<p><strong>Harmonogram p\u0142atno\u015bci <\/strong><\/p>\n<p><strong>W celu potwierdzenia rezerwacji 20% zadatku* musi by\u0107 wp\u0142acone<\/strong><\/p>\n<p><strong> w terminie do 3 dni od otrzymania oferty wynajmu apartamentu.<\/strong><\/p>\n<p><strong>*zadatek bezzwrotny\u00a0 <\/strong><\/p>\n<p><strong>\u00a0<\/strong><\/p>\n<p><strong>60% warto\u015bci oferty musi by\u0107 wp\u0142acone najp\u00f3\u017aniej na 4 tyg. przed zarezerwowanym terminem.<br \/>\nW przypadku braku wp\u0142ywu \u015brodk\u00f3w na konto wynajmuj\u0105cego rezerwacja zostaje anulowana.<\/strong><\/p>\n<p><strong>\u00a0<\/strong><\/p>\n<p><strong>20% warto\u015bci najp\u00f3\u017aniej w dniu przyjazdu<\/strong><\/p>\n<p>&nbsp;<\/p>\n<p>&nbsp;<\/p>\n<p>zameldowanie <strong>\u00a0w godzinach 14-20<\/strong><\/p>\n<p>wymeldowanie w godzinach<strong>\u00a0 \u00a07-10<\/strong>[\/vc_column_text][\/vc_column][\/vc_row][vc_row css=&#8221;.vc_custom_1518625757229{margin-bottom: 25px !important;}&#8221;][vc_column]\r\n\t<div class=\"thim-sc-heading  \" >\r\n\t\t<div class=\"article_heading \">\r\n\t\t\t<p class=\"heading_primary\"  >Distances<\/p>\r\n\t\t\t\r\n\t\t\t \r\n\t\t\t\r\n\t\t<\/div>\r\n\t<\/div>[\/vc_column][\/vc_row][vc_row][vc_column width=&#8221;1\/3&#8243;][vc_column_text]<strong>Odleg\u0142o\u015bci<\/strong><\/p>\n<p>&#8211; Pla\u017ea: 400m<br \/>\n&#8211; Klub p\u0142etwonurkowy: 500m<br \/>\n&#8211; Tereny sportowe: 500m<br \/>\n&#8211; Korty tenisowe: 50 m, 800 m i 1000 m<br \/>\n&#8211; Restauracja: 400 m i 800 m<br \/>\n&#8211; Golf \/9do\u0142k\u00f3w), wyspy Brijuni : 3 km<br \/>\n&#8211; Sklep: 400 m<br \/>\n&#8211; Markety: Spar 7 km,Interspar 7 km, Lidl 3,5km, Plodine 4 km, Kaufland 4 km, KONZUM 4,5 km[\/vc_column_text][\/vc_column][vc_column width=&#8221;1\/3&#8243;][vc_column_text]<strong>Centrum:<\/strong><br \/>\n&#8211; \u0160tinjan 500m,<br \/>\n&#8211; Fa\u017eana 2,5km,<br \/>\n&#8211; Pula 3,5km<br \/>\n&#8211; Lekarz : Fa\u017eana, Pula<br \/>\n&#8211; Przystanek podmiejskiego autobusu: 100m<br \/>\n&#8211; Dworzec autobusowy : 3,5km<br \/>\n&#8211; Port: 3,5km<br \/>\n&#8211; Dworzec kolejowy: 3,5km<br \/>\n&#8211; Lotnisko Pula:14,5km[\/vc_column_text][\/vc_column][vc_column width=&#8221;1\/3&#8243;][vc_column_text]<strong>Wycieczki fakultatywne:<br \/>\n<\/strong>Venecija : 3,5h godziny statkiem wycieczkowym,<br \/>\nTrieste : 1,5h Bus,<br \/>\nPlitvice : 3,5h Bus,<br \/>\nRovinj,Pore\u010d: 0,5-1h, w\u0142asnym samochodem<br \/>\nPostojna : 2 h Bus, w\u0142asnym samochodem<br \/>\nBrijuni : 20 min. statkiem<br \/>\nBrijunsko oto\u010dje, Limski kanal ,2h &#8211; 10h statkiem,[\/vc_column_text][\/vc_column][\/vc_row]<\/p>\n","protected":false},"excerpt":{"rendered":"<p>[vc_row][vc_column width=&#8221;1\/3&#8243;][\/vc_column][vc_column width=&#8221;1\/3&#8243;][\/vc_column][vc_column width=&#8221;1\/3&#8243;][\/vc_column][\/vc_row][vc_row css=&#8221;.vc_custom_1518625787398{margin-bottom: 30px !important;}&#8221;][vc_column][vc_column_text]Obowi\u0105zkowa kaucja\u00a0na poczet ewentulanych zniszcze\u0144 w wysoko\u015bci 100EUR. Kaucja zostaje zwr\u00f3cona w przypadku braku zniszcze\u0144 i uszkodze\u0144. &nbsp; W cenie apartamentu: op\u0142ata klimatyczna (10 kn \/ dzie\u0144 na osob\u0119, dzieci w wieku 12-18 lat 5 kn) klimatyzacja Wifi centralne ogrzewanie ko\u0144cowe sprz\u0105tanie (20 \u20ac&#8230;<\/p>\n","protected":false},"author":1,"featured_media":0,"parent":0,"menu_order":0,"comment_status":"closed","ping_status":"closed","template":"","meta":[],"yst_prominent_words":[148],"yoast_head":"<!-- This site is optimized with the Yoast SEO Premium plugin v14.5 - https:\/\/yoast.com\/wordpress\/plugins\/seo\/ -->\n<title>Cennik - Apartments Villa Bubi<\/title>\n<meta name=\"robots\" content=\"index, follow\" \/>\n<meta name=\"googlebot\" content=\"index, follow, max-snippet:-1, max-image-preview:large, max-video-preview:-1\" \/>\n<meta name=\"bingbot\" content=\"index, follow, max-snippet:-1, max-image-preview:large, max-video-preview:-1\" \/>\n<link rel=\"canonical\" href=\"https:\/\/www.villabubi.com\/pl\/cennik\/\" \/>\n<meta property=\"og:locale\" content=\"pl_PL\" \/>\n<meta property=\"og:type\" content=\"article\" \/>\n<meta property=\"og:title\" content=\"Cennik - Apartments Villa Bubi\" \/>\n<meta property=\"og:description\" content=\"[vc_row][vc_column width=&#8221;1\/3&#8243;][\/vc_column][vc_column width=&#8221;1\/3&#8243;][\/vc_column][vc_column width=&#8221;1\/3&#8243;][\/vc_column][\/vc_row][vc_row css=&#8221;.vc_custom_1518625787398{margin-bottom: 30px !important;}&#8221;][vc_column][vc_column_text]Obowi\u0105zkowa kaucja\u00a0na poczet ewentulanych zniszcze\u0144 w wysoko\u015bci 100EUR. Kaucja zostaje zwr\u00f3cona w przypadku braku zniszcze\u0144 i uszkodze\u0144. &nbsp; W cenie apartamentu: op\u0142ata klimatyczna (10 kn \/ dzie\u0144 na osob\u0119, dzieci w wieku 12-18 lat 5 kn) klimatyzacja Wifi centralne ogrzewanie ko\u0144cowe sprz\u0105tanie (20 \u20ac...\" \/>\n<meta property=\"og:url\" content=\"https:\/\/www.villabubi.com\/pl\/cennik\/\" \/>\n<meta property=\"og:site_name\" content=\"Apartments Villa Bubi\" \/>\n<meta property=\"article:publisher\" content=\"https:\/\/www.facebook.com\/VillaBubi1\/\" \/>\n<meta property=\"article:modified_time\" content=\"2023-01-05T19:23:32+00:00\" \/>\n<meta property=\"og:image\" content=\"https:\/\/www.villabubi.com\/wp-content\/uploads\/2018\/04\/istria.jpg\" \/>\n\t<meta property=\"og:image:width\" content=\"1024\" \/>\n\t<meta property=\"og:image:height\" content=\"702\" \/>\n<meta property=\"fb:app_id\" content=\"205233713586846\" \/>\n<meta name=\"twitter:card\" content=\"summary_large_image\" \/>\n<script type=\"application\/ld+json\" class=\"yoast-schema-graph\">{\"@context\":\"https:\/\/schema.org\",\"@graph\":[{\"@type\":\"WebSite\",\"@id\":\"https:\/\/www.villabubi.com\/pl\/#website\",\"url\":\"https:\/\/www.villabubi.com\/pl\/\",\"name\":\"Apartments Villa Bubi\",\"description\":\"Vacation short term rentals in Pula\",\"potentialAction\":[{\"@type\":\"SearchAction\",\"target\":\"https:\/\/www.villabubi.com\/pl\/?s={search_term_string}\",\"query-input\":\"required name=search_term_string\"}],\"inLanguage\":\"pl-PL\"},{\"@type\":\"WebPage\",\"@id\":\"https:\/\/www.villabubi.com\/pl\/cennik\/#webpage\",\"url\":\"https:\/\/www.villabubi.com\/pl\/cennik\/\",\"name\":\"Cennik - Apartments Villa Bubi\",\"isPartOf\":{\"@id\":\"https:\/\/www.villabubi.com\/pl\/#website\"},\"datePublished\":\"2018-02-01T17:17:28+00:00\",\"dateModified\":\"2023-01-05T19:23:32+00:00\",\"inLanguage\":\"pl-PL\",\"potentialAction\":[{\"@type\":\"ReadAction\",\"target\":[\"https:\/\/www.villabubi.com\/pl\/cennik\/\"]}]}]}<\/script>\n<!-- \/ Yoast SEO Premium plugin. -->","_links":{"self":[{"href":"https:\/\/www.villabubi.com\/pl\/wp-json\/wp\/v2\/pages\/5895"}],"collection":[{"href":"https:\/\/www.villabubi.com\/pl\/wp-json\/wp\/v2\/pages"}],"about":[{"href":"https:\/\/www.villabubi.com\/pl\/wp-json\/wp\/v2\/types\/page"}],"author":[{"embeddable":true,"href":"https:\/\/www.villabubi.com\/pl\/wp-json\/wp\/v2\/users\/1"}],"replies":[{"embeddable":true,"href":"https:\/\/www.villabubi.com\/pl\/wp-json\/wp\/v2\/comments?post=5895"}],"version-history":[{"count":11,"href":"https:\/\/www.villabubi.com\/pl\/wp-json\/wp\/v2\/pages\/5895\/revisions"}],"predecessor-version":[{"id":7617,"href":"https:\/\/www.villabubi.com\/pl\/wp-json\/wp\/v2\/pages\/5895\/revisions\/7617"}],"wp:attachment":[{"href":"https:\/\/www.villabubi.com\/pl\/wp-json\/wp\/v2\/media?parent=5895"}],"wp:term":[{"taxonomy":"yst_prominent_words","embeddable":true,"href":"https:\/\/www.villabubi.com\/pl\/wp-json\/wp\/v2\/yst_prominent_words?post=5895"}],"curies":[{"name":"wp","href":"https:\/\/api.w.org\/{rel}","templated":true}]}}