{"id":5900,"date":"2016-09-30T10:03:02","date_gmt":"2016-09-30T09:03:02","guid":{"rendered":"https:\/\/www.villabubi.com\/contact\/"},"modified":"2022-06-28T13:37:57","modified_gmt":"2022-06-28T12:37:57","slug":"kontakt","status":"publish","type":"page","link":"https:\/\/www.villabubi.com\/pl\/kontakt\/","title":{"rendered":"Kontakt"},"content":{"rendered":"<p>[vc_row][vc_column][vc_empty_space height=&#8221;20px&#8221;][\/vc_column][\/vc_row][vc_row][vc_column width=&#8221;1\/2&#8243;]\r\n\t<div class=\"thim-sc-heading  \" >\r\n\t\t<div class=\"article_heading \">\r\n\t\t\t<p class=\"heading_primary\"  >Zarezerwuj<\/p>\r\n\t\t\t<h3  class=\"heading_secondary\">Apartament<\/h3>\r\n\t\t\t<div class=\"heading-des\">Znalaz\u0142e\u015b mieszkanie, kt\u00f3re lubisz?<br \/>\nWy\u015blij nam zapytanie o rezerwacj\u0119<\/div> \r\n\t\t\t\r\n\t\t<\/div>\r\n\t<\/div>[vc_empty_space height=&#8221;20px&#8221;][vc_single_image image=&#8221;5804&#8243;][\/vc_column][vc_column width=&#8221;1\/2&#8243; css=&#8221;.vc_custom_1475217786520{padding-left: 60px !important;}&#8221;]\r\n\t<div class=\"thim-sc-heading  \" >\r\n\t\t<div class=\"article_heading \">\r\n\t\t\t<p class=\"heading_primary\"  >POBIERZ TOUCH<\/p>\r\n\t\t\t\r\n\t\t\t \r\n\t\t\t\r\n\t\t<\/div>\r\n\t<\/div>[vc_column_text]<\/p>\n<div class=\"contact-address\"><strong>Apartamenty Villa Bubi<\/strong><br \/>Trsine 21,<br \/>HR-52100 Pula<br \/>GSM +48 604 443 634<\/div>\n<p>e-mail : <a href=\"mailto:istra@villabubi.com\">istra@villabubi.com<\/a><\/p>\n<p>[\/vc_column_text]<ul class=\"thim-sc-social-link style-03\" ><li><a target=\"_blank\" class=\"face\" href=\"https:\/\/www.facebook.com\/pages\/Villa-Bubi\/385699154867067?ref=hl\" title=\"Facebook\"><i class=\"fa fa-facebook\"><\/i><\/a><\/li><li><a target=\"_blank\" class=\"instagram\" href=\"http:\/\/www.thimpress.com\/\"  title=\"Instagram\"><i class=\"fa fa-instagram\"><\/i><\/a><\/li><\/ul>[vc_empty_space][\/vc_column][\/vc_row][vc_row][vc_column][vc_column_text css=&#8221;.vc_custom_1521409650302{padding-top: 20px !important;padding-right: 30px !important;padding-bottom: 30px !important;padding-left: 30px !important;background-color: #f9f9f9 !important;}&#8221;]<div role=\"form\" class=\"wpcf7\" id=\"wpcf7-f6221-o1\" lang=\"en-US\" dir=\"ltr\">\n<div class=\"screen-reader-response\"><p role=\"status\" aria-live=\"polite\" aria-atomic=\"true\"><\/p> <ul><\/ul><\/div>\n<form action=\"\/pl\/wp-json\/wp\/v2\/pages\/5900#wpcf7-f6221-o1\" method=\"post\" class=\"wpcf7-form init\" novalidate=\"novalidate\" data-status=\"init\">\n<div style=\"display: none;\">\n<input type=\"hidden\" name=\"_wpcf7\" value=\"6221\" \/>\n<input type=\"hidden\" name=\"_wpcf7_version\" value=\"5.3.2\" \/>\n<input type=\"hidden\" name=\"_wpcf7_locale\" value=\"en_US\" \/>\n<input type=\"hidden\" name=\"_wpcf7_unit_tag\" value=\"wpcf7-f6221-o1\" \/>\n<input type=\"hidden\" name=\"_wpcf7_container_post\" value=\"0\" \/>\n<input type=\"hidden\" name=\"_wpcf7_posted_data_hash\" value=\"\" \/>\n<input type=\"hidden\" name=\"_wpcf7_recaptcha_response\" value=\"\" \/>\n<\/div>\n<div class=\"clearfix\">\n<div id=\"left\">\n        Twoje imi\u0119 <span class=\"wpcf7-form-control-wrap your-name\"><input type=\"text\" name=\"your-name\" value=\"\" size=\"40\" class=\"wpcf7-form-control wpcf7-text wpcf7-validates-as-required\" aria-required=\"true\" aria-invalid=\"false\" placeholder=\"Twoje imi\u0119 *\" \/><\/span> <br\/><br \/>\n        Telefon <span class=\"wpcf7-form-control-wrap your-phone\"><input type=\"tel\" name=\"your-phone\" value=\"\" size=\"40\" class=\"wpcf7-form-control wpcf7-text wpcf7-tel wpcf7-validates-as-required wpcf7-validates-as-tel\" aria-required=\"true\" aria-invalid=\"false\" placeholder=\"Telefon *\" \/><\/span><br\/><br \/>\n        Email <span class=\"wpcf7-form-control-wrap your-email\"><input type=\"email\" name=\"your-email\" value=\"\" size=\"40\" class=\"wpcf7-form-control wpcf7-text wpcf7-email wpcf7-validates-as-required wpcf7-validates-as-email\" aria-required=\"true\" aria-invalid=\"false\" placeholder=\"E-mail *\" \/><\/span> <br\/>        <\/p><\/div>\n<div id=\"right\">\n        Wybierz mieszkanie: <span class=\"wpcf7-form-control-wrap apartman\"><select name=\"apartman\" class=\"wpcf7-form-control wpcf7-select\" aria-invalid=\"false\"><option value=\"Apartment A\">Apartment A<\/option><option value=\"Apartment B\">Apartment B<\/option><option value=\"Apartment C\">Apartment C<\/option><option value=\"Apartment A1\">Apartment A1<\/option><option value=\"Apartment B1\">Apartment B1<\/option><option value=\"Apartment C1\">Apartment C1<\/option><option value=\"Apartment D\">Apartment D<\/option><\/select><\/span><br\/><br \/>\n        Sprawd\u017a w terminie:<span class=\"wpcf7-form-control-wrap date-in\"><input type=\"date\" name=\"date-in\" value=\"\" class=\"wpcf7-form-control wpcf7-date wpcf7-validates-as-required wpcf7-validates-as-date\" aria-required=\"true\" aria-invalid=\"false\" placeholder=\"Check-in date\" \/><\/span><br\/><br \/>\n        Sprawd\u017a dat\u0119:<span class=\"wpcf7-form-control-wrap date-out\"><input type=\"date\" name=\"date-out\" value=\"\" class=\"wpcf7-form-control wpcf7-date wpcf7-validates-as-required wpcf7-validates-as-date\" aria-required=\"true\" aria-invalid=\"false\" placeholder=\"Check-out date\" \/><\/span><br\/>\n    <\/div>\n<\/div>\n<p>Przedmiot <span class=\"wpcf7-form-control-wrap your-subject\"><input type=\"text\" name=\"your-subject\" value=\"\" size=\"40\" class=\"wpcf7-form-control wpcf7-text wpcf7-validates-as-required\" aria-required=\"true\" aria-invalid=\"false\" \/><\/span> <br\/><br \/>\nWiadomo\u015b\u0107: <span class=\"wpcf7-form-control-wrap your-message\"><textarea name=\"your-message\" cols=\"40\" rows=\"10\" class=\"wpcf7-form-control wpcf7-textarea wpcf7-validates-as-required\" aria-required=\"true\" aria-invalid=\"false\" placeholder=\"Your message *\"><\/textarea><\/span> <br\/><\/p>\n\n<p><input type=\"submit\" value=\"Zarezerwuj Teraz!\" class=\"wpcf7-form-control wpcf7-submit\" \/><\/p>\n<div class=\"wpcf7-response-output\" aria-hidden=\"true\"><\/div><\/form><\/div>[\/vc_column_text][\/vc_column][\/vc_row][vc_row full_width=&#8221;stretch_row_content_no_spaces&#8221;][vc_column][vc_gmaps link=&#8221;#E-8_JTNDaWZyYW1lJTIwc3JjJTNEJTIyaHR0cHMlM0ElMkYlMkZ3d3cuZ29vZ2xlLmNvbSUyRm1hcHMlMkZlbWJlZCUzRnBiJTNEJTIxMW0xOCUyMTFtMTIlMjExbTMlMjExZDI4MjYuMzMyMDc0NDIwNjQxJTIxMmQxMy44MTA5MTY4MTU1Mzg1MTYlMjEzZDQ0Ljg5NjIzOTk3OTA5ODMxJTIxMm0zJTIxMWYwJTIxMmYwJTIxM2YwJTIxM20yJTIxMWkxMDI0JTIxMmk3NjglMjE0ZjEzLjElMjEzbTMlMjExbTIlMjExczB4NDc3Y2QyNmI0NzE5YWIwYiUyNTNBMHg2ZDJkZmM1YTIzN2M1ZTA0JTIxMnNUcnNpbmUlMjUyMHVsLiUyNTIwMjElMjUyQyUyNTIwNTIyMTIlMjUyQyUyNTIwUHVsYSUyNTJDJTI1MjBIcnZhdHNrYSUyMTVlMCUyMTNtMiUyMTFzaHIlMjEyc3JzJTIxNHYxNTkyOTE3MDc2NTY0JTIxNW0yJTIxMXNociUyMTJzcnMlMjIlMjB3aWR0aCUzRCUyMjYwMCUyMiUyMGhlaWdodCUzRCUyMjQ1MCUyMiUyMGZyYW1lYm9yZGVyJTNEJTIyMCUyMiUyMHN0eWxlJTNEJTIyYm9yZGVyJTNBMCUzQiUyMiUyMGFsbG93ZnVsbHNjcmVlbiUzRCUyMiUyMiUyMGFyaWEtaGlkZGVuJTNEJTIyZmFsc2UlMjIlMjB0YWJpbmRleCUzRCUyMjAlMjIlM0UlM0MlMkZpZnJhbWUlM0U=&#8221; size=&#8221;500px&#8221;][\/vc_column][\/vc_row]<\/p>\n","protected":false},"excerpt":{"rendered":"<p>[vc_row][vc_column][vc_empty_space height=&#8221;20px&#8221;][\/vc_column][\/vc_row][vc_row][vc_column width=&#8221;1\/2&#8243;][vc_empty_space height=&#8221;20px&#8221;][vc_single_image image=&#8221;5804&#8243;][\/vc_column][vc_column width=&#8221;1\/2&#8243; css=&#8221;.vc_custom_1475217786520{padding-left: 60px !important;}&#8221;][vc_column_text] Apartamenty Villa BubiTrsine 21,HR-52100 PulaGSM +48 604 443 634 e-mail : istra@villabubi.com [\/vc_column_text][vc_empty_space][\/vc_column][\/vc_row][vc_row][vc_column][vc_column_text css=&#8221;.vc_custom_1521409650302{padding-top: 20px !important;padding-right: 30px !important;padding-bottom: 30px !important;padding-left: 30px !important;background-color: #f9f9f9 !important;}&#8221;][\/vc_column_text][\/vc_column][\/vc_row][vc_row full_width=&#8221;stretch_row_content_no_spaces&#8221;][vc_column][vc_gmaps link=&#8221;#E-8_JTNDaWZyYW1lJTIwc3JjJTNEJTIyaHR0cHMlM0ElMkYlMkZ3d3cuZ29vZ2xlLmNvbSUyRm1hcHMlMkZlbWJlZCUzRnBiJTNEJTIxMW0xOCUyMTFtMTIlMjExbTMlMjExZDI4MjYuMzMyMDc0NDIwNjQxJTIxMmQxMy44MTA5MTY4MTU1Mzg1MTYlMjEzZDQ0Ljg5NjIzOTk3OTA5ODMxJTIxMm0zJTIxMWYwJTIxMmYwJTIxM2YwJTIxM20yJTIxMWkxMDI0JTIxMmk3NjglMjE0ZjEzLjElMjEzbTMlMjExbTIlMjExczB4NDc3Y2QyNmI0NzE5YWIwYiUyNTNBMHg2ZDJkZmM1YTIzN2M1ZTA0JTIxMnNUcnNpbmUlMjUyMHVsLiUyNTIwMjElMjUyQyUyNTIwNTIyMTIlMjUyQyUyNTIwUHVsYSUyNTJDJTI1MjBIcnZhdHNrYSUyMTVlMCUyMTNtMiUyMTFzaHIlMjEyc3JzJTIxNHYxNTkyOTE3MDc2NTY0JTIxNW0yJTIxMXNociUyMTJzcnMlMjIlMjB3aWR0aCUzRCUyMjYwMCUyMiUyMGhlaWdodCUzRCUyMjQ1MCUyMiUyMGZyYW1lYm9yZGVyJTNEJTIyMCUyMiUyMHN0eWxlJTNEJTIyYm9yZGVyJTNBMCUzQiUyMiUyMGFsbG93ZnVsbHNjcmVlbiUzRCUyMiUyMiUyMGFyaWEtaGlkZGVuJTNEJTIyZmFsc2UlMjIlMjB0YWJpbmRleCUzRCUyMjAlMjIlM0UlM0MlMkZpZnJhbWUlM0U=&#8221; size=&#8221;500px&#8221;][\/vc_column][\/vc_row]<\/p>\n","protected":false},"author":1,"featured_media":5809,"parent":0,"menu_order":0,"comment_status":"closed","ping_status":"closed","template":"","meta":[],"yst_prominent_words":[443,442],"yoast_head":"<!-- This site is optimized with the Yoast SEO Premium plugin v14.5 - https:\/\/yoast.com\/wordpress\/plugins\/seo\/ -->\n<title>Kontakt - Apartments Villa Bubi<\/title>\n<meta name=\"robots\" content=\"index, follow\" \/>\n<meta name=\"googlebot\" content=\"index, follow, max-snippet:-1, max-image-preview:large, max-video-preview:-1\" \/>\n<meta name=\"bingbot\" content=\"index, follow, max-snippet:-1, max-image-preview:large, max-video-preview:-1\" \/>\n<link rel=\"canonical\" href=\"https:\/\/www.villabubi.com\/pl\/kontakt\/\" \/>\n<meta property=\"og:locale\" content=\"pl_PL\" \/>\n<meta property=\"og:type\" content=\"article\" \/>\n<meta property=\"og:title\" content=\"Kontakt - Apartments Villa Bubi\" \/>\n<meta property=\"og:description\" content=\"[vc_row][vc_column][vc_empty_space height=&#8221;20px&#8221;][\/vc_column][\/vc_row][vc_row][vc_column width=&#8221;1\/2&#8243;][vc_empty_space height=&#8221;20px&#8221;][vc_single_image image=&#8221;5804&#8243;][\/vc_column][vc_column width=&#8221;1\/2&#8243; css=&#8221;.vc_custom_1475217786520{padding-left: 60px !important;}&#8221;][vc_column_text] Apartamenty Villa BubiTrsine 21,HR-52100 PulaGSM +48 604 443 634 e-mail : istra@villabubi.com [\/vc_column_text][vc_empty_space][\/vc_column][\/vc_row][vc_row][vc_column][vc_column_text css=&#8221;.vc_custom_1521409650302{padding-top: 20px !important;padding-right: 30px !important;padding-bottom: 30px !important;padding-left: 30px !important;background-color: #f9f9f9 !important;}&#8221;][\/vc_column_text][\/vc_column][\/vc_row][vc_row full_width=&#8221;stretch_row_content_no_spaces&#8221;][vc_column][vc_gmaps link=&#8221;#E-8_JTNDaWZyYW1lJTIwc3JjJTNEJTIyaHR0cHMlM0ElMkYlMkZ3d3cuZ29vZ2xlLmNvbSUyRm1hcHMlMkZlbWJlZCUzRnBiJTNEJTIxMW0xOCUyMTFtMTIlMjExbTMlMjExZDI4MjYuMzMyMDc0NDIwNjQxJTIxMmQxMy44MTA5MTY4MTU1Mzg1MTYlMjEzZDQ0Ljg5NjIzOTk3OTA5ODMxJTIxMm0zJTIxMWYwJTIxMmYwJTIxM2YwJTIxM20yJTIxMWkxMDI0JTIxMmk3NjglMjE0ZjEzLjElMjEzbTMlMjExbTIlMjExczB4NDc3Y2QyNmI0NzE5YWIwYiUyNTNBMHg2ZDJkZmM1YTIzN2M1ZTA0JTIxMnNUcnNpbmUlMjUyMHVsLiUyNTIwMjElMjUyQyUyNTIwNTIyMTIlMjUyQyUyNTIwUHVsYSUyNTJDJTI1MjBIcnZhdHNrYSUyMTVlMCUyMTNtMiUyMTFzaHIlMjEyc3JzJTIxNHYxNTkyOTE3MDc2NTY0JTIxNW0yJTIxMXNociUyMTJzcnMlMjIlMjB3aWR0aCUzRCUyMjYwMCUyMiUyMGhlaWdodCUzRCUyMjQ1MCUyMiUyMGZyYW1lYm9yZGVyJTNEJTIyMCUyMiUyMHN0eWxlJTNEJTIyYm9yZGVyJTNBMCUzQiUyMiUyMGFsbG93ZnVsbHNjcmVlbiUzRCUyMiUyMiUyMGFyaWEtaGlkZGVuJTNEJTIyZmFsc2UlMjIlMjB0YWJpbmRleCUzRCUyMjAlMjIlM0UlM0MlMkZpZnJhbWUlM0U=&#8221; size=&#8221;500px&#8221;][\/vc_column][\/vc_row]\" \/>\n<meta property=\"og:url\" content=\"https:\/\/www.villabubi.com\/pl\/kontakt\/\" \/>\n<meta property=\"og:site_name\" content=\"Apartments Villa Bubi\" \/>\n<meta property=\"article:publisher\" content=\"https:\/\/www.facebook.com\/VillaBubi1\/\" \/>\n<meta property=\"article:modified_time\" content=\"2022-06-28T12:37:57+00:00\" \/>\n<meta property=\"og:image\" content=\"https:\/\/www.villabubi.com\/wp-content\/uploads\/2018\/02\/kontakt.jpg\" \/>\n\t<meta property=\"og:image:width\" content=\"1920\" \/>\n\t<meta property=\"og:image:height\" content=\"600\" \/>\n<meta property=\"fb:app_id\" content=\"205233713586846\" \/>\n<meta name=\"twitter:card\" content=\"summary_large_image\" \/>\n<script type=\"application\/ld+json\" class=\"yoast-schema-graph\">{\"@context\":\"https:\/\/schema.org\",\"@graph\":[{\"@type\":\"WebSite\",\"@id\":\"https:\/\/www.villabubi.com\/pl\/#website\",\"url\":\"https:\/\/www.villabubi.com\/pl\/\",\"name\":\"Apartments Villa Bubi\",\"description\":\"Vacation short term rentals in Pula\",\"potentialAction\":[{\"@type\":\"SearchAction\",\"target\":\"https:\/\/www.villabubi.com\/pl\/?s={search_term_string}\",\"query-input\":\"required name=search_term_string\"}],\"inLanguage\":\"pl-PL\"},{\"@type\":\"ImageObject\",\"@id\":\"https:\/\/www.villabubi.com\/pl\/kontakt\/#primaryimage\",\"inLanguage\":\"pl-PL\",\"url\":\"https:\/\/www.villabubi.com\/wp-content\/uploads\/2018\/02\/kontakt.jpg\",\"width\":1920,\"height\":600},{\"@type\":\"WebPage\",\"@id\":\"https:\/\/www.villabubi.com\/pl\/kontakt\/#webpage\",\"url\":\"https:\/\/www.villabubi.com\/pl\/kontakt\/\",\"name\":\"Kontakt - Apartments Villa Bubi\",\"isPartOf\":{\"@id\":\"https:\/\/www.villabubi.com\/pl\/#website\"},\"primaryImageOfPage\":{\"@id\":\"https:\/\/www.villabubi.com\/pl\/kontakt\/#primaryimage\"},\"datePublished\":\"2016-09-30T09:03:02+00:00\",\"dateModified\":\"2022-06-28T12:37:57+00:00\",\"inLanguage\":\"pl-PL\",\"potentialAction\":[{\"@type\":\"ReadAction\",\"target\":[\"https:\/\/www.villabubi.com\/pl\/kontakt\/\"]}]}]}<\/script>\n<!-- \/ Yoast SEO Premium plugin. -->","_links":{"self":[{"href":"https:\/\/www.villabubi.com\/pl\/wp-json\/wp\/v2\/pages\/5900"}],"collection":[{"href":"https:\/\/www.villabubi.com\/pl\/wp-json\/wp\/v2\/pages"}],"about":[{"href":"https:\/\/www.villabubi.com\/pl\/wp-json\/wp\/v2\/types\/page"}],"author":[{"embeddable":true,"href":"https:\/\/www.villabubi.com\/pl\/wp-json\/wp\/v2\/users\/1"}],"replies":[{"embeddable":true,"href":"https:\/\/www.villabubi.com\/pl\/wp-json\/wp\/v2\/comments?post=5900"}],"version-history":[{"count":1,"href":"https:\/\/www.villabubi.com\/pl\/wp-json\/wp\/v2\/pages\/5900\/revisions"}],"predecessor-version":[{"id":6882,"href":"https:\/\/www.villabubi.com\/pl\/wp-json\/wp\/v2\/pages\/5900\/revisions\/6882"}],"wp:featuredmedia":[{"embeddable":true,"href":"https:\/\/www.villabubi.com\/pl\/wp-json\/wp\/v2\/media\/5809"}],"wp:attachment":[{"href":"https:\/\/www.villabubi.com\/pl\/wp-json\/wp\/v2\/media?parent=5900"}],"wp:term":[{"taxonomy":"yst_prominent_words","embeddable":true,"href":"https:\/\/www.villabubi.com\/pl\/wp-json\/wp\/v2\/yst_prominent_words?post=5900"}],"curies":[{"name":"wp","href":"https:\/\/api.w.org\/{rel}","templated":true}]}}