{"id":5905,"date":"2016-09-28T11:17:20","date_gmt":"2016-09-28T10:17:20","guid":{"rendered":"https:\/\/www.villabubi.com\/about-us\/"},"modified":"2020-01-30T10:39:13","modified_gmt":"2020-01-30T09:39:13","slug":"o-nas","status":"publish","type":"page","link":"https:\/\/www.villabubi.com\/pl\/o-nas\/","title":{"rendered":"O nas"},"content":{"rendered":"<p>[vc_row][vc_column][vc_empty_space height=&#8221;15px&#8221;]\r\n\t<div class=\"thim-sc-heading  \" >\r\n\t\t<div class=\"article_heading \">\r\n\t\t\t<p class=\"heading_primary\"  >WELCOME TO<\/p>\r\n\t\t\t<h3  class=\"heading_secondary\">APARTMENTS VILLA BUBI<\/h3>\r\n\t\t\t<div class=\"heading-des\">Villa Bubi znajduje si\u0119 w pobli\u017cu Puli, sk\u0142\u0105da si\u0119 z apartament\u00f3w idealnych na letni wypoczynek nad chorwackim Adriatykiem.<\/div> \r\n\t\t\t\r\n\t\t<\/div>\r\n\t<\/div>[vc_empty_space height=&#8221;35px&#8221;][\/vc_column][\/vc_row][vc_row css=&#8221;.vc_custom_1476086385327{margin-bottom: 20px !important;}&#8221;][vc_column][vc_wp_text el_class=&#8221;line-height-normal&#8221;]<\/p>\n<p align=\"left\"><span class=\"Stil3\">Na Istrii, w pobli\u017cu Puli, w ma\u0142ej i malowniczej miejscowo\u015bci Stinjan, w okolicy pi\u0119knych pla\u017c, malowniczego Brionskiego archipelagu, staro\u017cytnymi drzewkami oliwkowymi i pachn\u0105cymi lasami sosnowymi, w pobli\u017cu licznych obiekt\u00f3w sportowych, rozrywkowych i gastronomicznych pozwalaj\u0105cymi na wspania\u0142y odpoczynek, znajduje si Villa Bubi.<\/span><\/p>\n<p>Ten pi\u0119kny apartament typu mieszkanie zosta\u0142 zbudowany w 2004 roku i ca\u0142kowicie odnowiony w 2019 roku i obejmuje trzy pi\u0119tra, parter, pierwsze i drugie pi\u0119tro, w sumie siedem zarejestrowane mieszkania.<br \/>\nOsobliwo\u015bci\u0105 Villa Bubi jest to, \u017ce na dzia\u0142ce o powierzchni 1108 m2 znajduje si\u0119 miejsce parkingowe pod nadzorem wideo na 15 samochod\u00f3w, kamienna tawerna o powierzchni 30 m2 z grillem, pergola z miejscami do siedzenia dla 20 os\u00f3b, telewizor i grill na \u015bwie\u017cym powietrzu i cie\u0144 w \u017cagle s\u0142oneczne.<\/p>\n<p>Wszystkie apartamenty posiadaj\u0105 klimatyzowane, centralne ogrzewanie na gaz i ciep\u0142\u0105 wod\u0119, co pozwala na komfortowy pobyt go\u015bci w zimie.<\/p>\n<p align=\"left\">Villa Bubi jest jednym z nielicznych pensjonat\u00f3w posiadaj\u0105cch Tim-studio apartament ca\u0142kowcie <strong>przystosowany do potrzeb inwalid\u00f3w.<\/strong><\/p>\n<p>[\/vc_wp_text][\/vc_column][\/vc_row][vc_row full_width=&#8221;stretch_row&#8221; css=&#8221;.vc_custom_1521029286277{margin-top: 25px !important;margin-right: -15px !important;margin-bottom: 65px !important;margin-left: -15px !important;}&#8221;][vc_column][vc_images_carousel images=&#8221;5554,5559,6655,6683,5564,6368,6372,5584,6360,6356,5604,5609,6364,6618,6651,6679,6675&#8243; img_size=&#8221;full&#8221; onclick=&#8221;link_no&#8221; slides_per_view=&#8221;2&#8243; hide_pagination_control=&#8221;yes&#8221; wrap=&#8221;yes&#8221;][\/vc_column][\/vc_row][vc_row css=&#8221;.vc_custom_1475035597783{padding-top: 60px !important;}&#8221;][vc_column]\r\n\t<div class=\"thim-sc-heading  \" >\r\n\t\t<div class=\"article_heading \">\r\n\t\t\t<p class=\"heading_primary\"  >PO CO WYBIERA\u0106<\/p>\r\n\t\t\t<h3  class=\"heading_secondary\">VILLA BUBI<\/h3>\r\n\t\t\t \r\n\t\t\t\r\n\t\t<\/div>\r\n\t<\/div>[vc_row_inner][vc_column_inner width=&#8221;1\/3&#8243;][vc_column_text]<\/p>\n<ul class=\"thim-list\" style=\"font-size: 20px; line-height: 27px; font-weight: 400;\">\n<li><i class=\"fa fa-check thim-primary-color\"><\/i>Klimatyzowane pokoje<\/li>\n<li><i class=\"fa fa-check thim-primary-color\"><\/i>Wysoka satysfakcja klienta<\/li>\n<li><i class=\"fa fa-check thim-primary-color\"><\/i>Wolno\u015b\u0107 od zak\u0142\u00f3ce\u0144<\/li>\n<\/ul>\n<p>[\/vc_column_text][\/vc_column_inner][vc_column_inner width=&#8221;1\/3&#8243;][vc_column_text]<\/p>\n<ul class=\"thim-list\" style=\"font-size: 20px; line-height: 27px; font-weight: 400;\">\n<li><i class=\"fa fa-check thim-primary-color\"><\/i>400 m od pla\u017cy<\/li>\n<li><i class=\"fa fa-check thim-primary-color\"><\/i>Darmowe wifi<\/li>\n<li><i class=\"fa fa-check thim-primary-color\"><\/i>Czysto i schludnie<\/li>\n<\/ul>\n<p>[\/vc_column_text][\/vc_column_inner][vc_column_inner width=&#8221;1\/3&#8243;][vc_column_text]<\/p>\n<ul class=\"thim-list\" style=\"font-size: 20px; line-height: 27px; font-weight: 400;\">\n<li><i class=\"fa fa-check thim-primary-color\"><\/i>Parking na miejscu<\/li>\n<li><i class=\"fa fa-check thim-primary-color\"><\/i>Ogr\u00f3d z tarasem, grill, pergola, TV<\/li>\n<li><i class=\"fa fa-check thim-primary-color\"><\/i>Przystosowany dla niepe\u0142nosprawnych<\/li>\n<\/ul>\n<p>[\/vc_column_text][\/vc_column_inner][\/vc_row_inner][vc_row_inner css=&#8221;.vc_custom_1475570441500{margin-bottom: 65px !important;padding-top: 15px !important;}&#8221;][vc_column_inner width=&#8221;1\/3&#8243;][vc_single_image image=&#8221;5644&#8243; img_size=&#8221;full&#8221;][\/vc_column_inner][vc_column_inner width=&#8221;1\/3&#8243;][vc_single_image image=&#8221;5649&#8243; img_size=&#8221;full&#8221;][\/vc_column_inner][vc_column_inner width=&#8221;1\/3&#8243;][vc_single_image image=&#8221;5654&#8243; img_size=&#8221;full&#8221;][\/vc_column_inner][\/vc_row_inner][\/vc_column][\/vc_row]<\/p>\n","protected":false},"excerpt":{"rendered":"<p>[vc_row][vc_column][vc_empty_space height=&#8221;15px&#8221;][vc_empty_space height=&#8221;35px&#8221;][\/vc_column][\/vc_row][vc_row css=&#8221;.vc_custom_1476086385327{margin-bottom: 20px !important;}&#8221;][vc_column][vc_wp_text el_class=&#8221;line-height-normal&#8221;] Na Istrii, w pobli\u017cu Puli, w ma\u0142ej i malowniczej miejscowo\u015bci Stinjan, w okolicy pi\u0119knych pla\u017c, malowniczego Brionskiego archipelagu, staro\u017cytnymi drzewkami oliwkowymi i pachn\u0105cymi lasami sosnowymi, w pobli\u017cu licznych obiekt\u00f3w sportowych, rozrywkowych i gastronomicznych pozwalaj\u0105cymi na wspania\u0142y odpoczynek, znajduje si Villa Bubi. Ten pi\u0119kny&#8230;<\/p>\n","protected":false},"author":1,"featured_media":0,"parent":0,"menu_order":0,"comment_status":"closed","ping_status":"closed","template":"","meta":[],"yst_prominent_words":[391,143,237,439,238,132,130,232,124],"yoast_head":"<!-- This site is optimized with the Yoast SEO Premium plugin v14.5 - https:\/\/yoast.com\/wordpress\/plugins\/seo\/ -->\n<title>O nas - Apartments Villa Bubi<\/title>\n<meta name=\"robots\" content=\"index, follow\" \/>\n<meta name=\"googlebot\" content=\"index, follow, max-snippet:-1, max-image-preview:large, max-video-preview:-1\" \/>\n<meta name=\"bingbot\" content=\"index, follow, max-snippet:-1, max-image-preview:large, max-video-preview:-1\" \/>\n<link rel=\"canonical\" href=\"https:\/\/www.villabubi.com\/pl\/o-nas\/\" \/>\n<meta property=\"og:locale\" content=\"pl_PL\" \/>\n<meta property=\"og:type\" content=\"article\" \/>\n<meta property=\"og:title\" content=\"O nas - Apartments Villa Bubi\" \/>\n<meta property=\"og:description\" content=\"[vc_row][vc_column][vc_empty_space height=&#8221;15px&#8221;][vc_empty_space height=&#8221;35px&#8221;][\/vc_column][\/vc_row][vc_row css=&#8221;.vc_custom_1476086385327{margin-bottom: 20px !important;}&#8221;][vc_column][vc_wp_text el_class=&#8221;line-height-normal&#8221;] Na Istrii, w pobli\u017cu Puli, w ma\u0142ej i malowniczej miejscowo\u015bci Stinjan, w okolicy pi\u0119knych pla\u017c, malowniczego Brionskiego archipelagu, staro\u017cytnymi drzewkami oliwkowymi i pachn\u0105cymi lasami sosnowymi, w pobli\u017cu licznych obiekt\u00f3w sportowych, rozrywkowych i gastronomicznych pozwalaj\u0105cymi na wspania\u0142y odpoczynek, znajduje si Villa Bubi. Ten pi\u0119kny...\" \/>\n<meta property=\"og:url\" content=\"https:\/\/www.villabubi.com\/pl\/o-nas\/\" \/>\n<meta property=\"og:site_name\" content=\"Apartments Villa Bubi\" \/>\n<meta property=\"article:publisher\" content=\"https:\/\/www.facebook.com\/VillaBubi1\/\" \/>\n<meta property=\"article:modified_time\" content=\"2020-01-30T09:39:13+00:00\" \/>\n<meta property=\"og:image\" content=\"https:\/\/www.villabubi.com\/wp-content\/uploads\/2018\/04\/istria.jpg\" \/>\n\t<meta property=\"og:image:width\" content=\"1024\" \/>\n\t<meta property=\"og:image:height\" content=\"702\" \/>\n<meta property=\"fb:app_id\" content=\"205233713586846\" \/>\n<meta name=\"twitter:card\" content=\"summary_large_image\" \/>\n<script type=\"application\/ld+json\" class=\"yoast-schema-graph\">{\"@context\":\"https:\/\/schema.org\",\"@graph\":[{\"@type\":\"WebSite\",\"@id\":\"https:\/\/www.villabubi.com\/pl\/#website\",\"url\":\"https:\/\/www.villabubi.com\/pl\/\",\"name\":\"Apartments Villa Bubi\",\"description\":\"Vacation short term rentals in Pula\",\"potentialAction\":[{\"@type\":\"SearchAction\",\"target\":\"https:\/\/www.villabubi.com\/pl\/?s={search_term_string}\",\"query-input\":\"required name=search_term_string\"}],\"inLanguage\":\"pl-PL\"},{\"@type\":\"WebPage\",\"@id\":\"https:\/\/www.villabubi.com\/pl\/o-nas\/#webpage\",\"url\":\"https:\/\/www.villabubi.com\/pl\/o-nas\/\",\"name\":\"O nas - Apartments Villa Bubi\",\"isPartOf\":{\"@id\":\"https:\/\/www.villabubi.com\/pl\/#website\"},\"datePublished\":\"2016-09-28T10:17:20+00:00\",\"dateModified\":\"2020-01-30T09:39:13+00:00\",\"inLanguage\":\"pl-PL\",\"potentialAction\":[{\"@type\":\"ReadAction\",\"target\":[\"https:\/\/www.villabubi.com\/pl\/o-nas\/\"]}]}]}<\/script>\n<!-- \/ Yoast SEO Premium plugin. -->","_links":{"self":[{"href":"https:\/\/www.villabubi.com\/pl\/wp-json\/wp\/v2\/pages\/5905"}],"collection":[{"href":"https:\/\/www.villabubi.com\/pl\/wp-json\/wp\/v2\/pages"}],"about":[{"href":"https:\/\/www.villabubi.com\/pl\/wp-json\/wp\/v2\/types\/page"}],"author":[{"embeddable":true,"href":"https:\/\/www.villabubi.com\/pl\/wp-json\/wp\/v2\/users\/1"}],"replies":[{"embeddable":true,"href":"https:\/\/www.villabubi.com\/pl\/wp-json\/wp\/v2\/comments?post=5905"}],"version-history":[{"count":0,"href":"https:\/\/www.villabubi.com\/pl\/wp-json\/wp\/v2\/pages\/5905\/revisions"}],"wp:attachment":[{"href":"https:\/\/www.villabubi.com\/pl\/wp-json\/wp\/v2\/media?parent=5905"}],"wp:term":[{"taxonomy":"yst_prominent_words","embeddable":true,"href":"https:\/\/www.villabubi.com\/pl\/wp-json\/wp\/v2\/yst_prominent_words?post=5905"}],"curies":[{"name":"wp","href":"https:\/\/api.w.org\/{rel}","templated":true}]}}